{"id":658,"date":"2016-02-19T13:26:18","date_gmt":"2016-02-19T13:26:18","guid":{"rendered":"https:\/\/roffix.com\/products\/"},"modified":"2021-08-02T13:53:31","modified_gmt":"2021-08-02T13:53:31","slug":"produits","status":"publish","type":"page","link":"https:\/\/roffix.com\/fr\/produits\/","title":{"rendered":"Produits"},"content":{"rendered":"<p>[vc_row css_animation=&#8221;&#8221; row_type=&#8221;row&#8221; use_row_as_full_screen_section=&#8221;no&#8221; type=&#8221;grid&#8221; angled_section=&#8221;no&#8221; text_align=&#8221;center&#8221; background_image_as_pattern=&#8221;without_pattern&#8221; z_index=&#8221;&#8221; padding_top=&#8221;40&#8243;][vc_column][vc_column_text]<\/p>\n<h2>Nos Produits<\/h2>\n<p>[\/vc_column_text][\/vc_column][\/vc_row][vc_row css_animation=&#8221;&#8221; row_type=&#8221;row&#8221; use_row_as_full_screen_section=&#8221;no&#8221; type=&#8221;grid&#8221; angled_section=&#8221;no&#8221; text_align=&#8221;left&#8221; background_image_as_pattern=&#8221;without_pattern&#8221; css=&#8221;.vc_custom_1625228588546{padding-top: 80px !important;}&#8221; z_index=&#8221;&#8221;][vc_column offset=&#8221;vc_col-lg-4 vc_col-md-4&#8243;][vc_single_image image=&#8221;551&#8243; img_size=&#8221;full&#8221; qode_css_animation=&#8221;&#8221;][vc_separator type=&#8221;transparent&#8221; thickness=&#8221;0&#8243; up=&#8221;38&#8243; down=&#8221;0&#8243;][vc_column_text]<\/p>\n<h3>Filtres S\u00e9parateur<\/h3>\n<p>[\/vc_column_text][vc_separator type=&#8221;small&#8221; position=&#8221;left&#8221; width=&#8221;20&#8243; up=&#8221;7&#8243; down=&#8221;30&#8243;][vc_column_text]<\/p>\n<p style=\"text-align: justify;\">Le filtre s\u00e9parateur est la partie la plus critique dans le processus d\u2019obtention d\u2019air comprim\u00e9 propre dans les compresseurs d\u2019air.<\/p>\n<p>[\/vc_column_text][vc_separator type=&#8221;transparent&#8221; thickness=&#8221;0&#8243; up=&#8221;25&#8243; down=&#8221;0&#8243;]<a  itemprop=\"url\" href=\"https:\/\/roffix.com\/filtres-separateur\/\" target=\"_self\"  class=\"qbutton  default\" style=\"background-color: #ffee00;\">LIRE LA SUITE<\/a>[vc_empty_space][\/vc_column][vc_column offset=&#8221;vc_col-lg-4 vc_col-md-4&#8243;][vc_single_image image=&#8221;545&#8243; img_size=&#8221;full&#8221; qode_css_animation=&#8221;&#8221;][vc_separator type=&#8221;transparent&#8221; thickness=&#8221;0&#8243; up=&#8221;38&#8243; down=&#8221;0&#8243;][vc_column_text]<\/p>\n<h3>Filtres \u00e0 Huile<\/h3>\n<p>[\/vc_column_text][vc_separator type=&#8221;small&#8221; position=&#8221;left&#8221; width=&#8221;20&#8243; up=&#8221;7&#8243; down=&#8221;30&#8243;][vc_column_text]<\/p>\n<p style=\"text-align: justify;\">Les filtres \u00e0 huile utilis\u00e9s dans l\u2019industrie automobile sont un \u00e9l\u00e9ment cl\u00e9 en termes de performances et de durabilit\u00e9 du moteur.<\/p>\n<p>[\/vc_column_text][vc_separator type=&#8221;transparent&#8221; thickness=&#8221;0&#8243; up=&#8221;25&#8243; down=&#8221;0&#8243;]<a  itemprop=\"url\" href=\"https:\/\/roffix.com\/filtres-a-huile\/\" target=\"_self\"  class=\"qbutton  default\" style=\"background-color: #ffee00;\">LIRE LA SUITE<\/a>[vc_empty_space][\/vc_column][vc_column offset=&#8221;vc_col-lg-4 vc_col-md-4&#8243;][vc_single_image image=&#8221;546&#8243; img_size=&#8221;full&#8221; qode_css_animation=&#8221;&#8221;][vc_separator type=&#8221;transparent&#8221; thickness=&#8221;0&#8243; up=&#8221;38&#8243; down=&#8221;0&#8243;][vc_column_text]<\/p>\n<h3>Filtres \u00e0 Air<\/h3>\n<p>[\/vc_column_text][vc_separator type=&#8221;small&#8221; position=&#8221;left&#8221; width=&#8221;20&#8243; up=&#8221;7&#8243; down=&#8221;30&#8243;][vc_column_text]<\/p>\n<p style=\"text-align: justify;\">Les filtres \u00e0 air utilis\u00e9s dans l\u2019industrie automobile sont la cl\u00e9 pour fournir les meilleures performances du moteur et la durabilit\u00e9 la plus efficace.<\/p>\n<p>[\/vc_column_text][vc_separator type=&#8221;transparent&#8221; thickness=&#8221;0&#8243; up=&#8221;25&#8243; down=&#8221;0&#8243;]<a  itemprop=\"url\" href=\"https:\/\/roffix.com\/filtres-a-air\/\" target=\"_self\"  class=\"qbutton  default\" style=\"background-color: #ffee00;\">LIRE LA SUITE<\/a>[vc_empty_space][\/vc_column][\/vc_row][vc_row css_animation=&#8221;&#8221; row_type=&#8221;row&#8221; use_row_as_full_screen_section=&#8221;no&#8221; type=&#8221;grid&#8221; angled_section=&#8221;no&#8221; text_align=&#8221;left&#8221; background_image_as_pattern=&#8221;without_pattern&#8221; css=&#8221;.vc_custom_1625228575812{padding-top: 80px !important;}&#8221; z_index=&#8221;&#8221;][vc_column offset=&#8221;vc_col-lg-4 vc_col-md-4&#8243;][vc_single_image image=&#8221;552&#8243; img_size=&#8221;full&#8221; qode_css_animation=&#8221;&#8221;][vc_separator type=&#8221;transparent&#8221; thickness=&#8221;0&#8243; up=&#8221;38&#8243; down=&#8221;0&#8243;][vc_column_text]<\/p>\n<h3>Filtres \u00e0 Carburant<\/h3>\n<p>[\/vc_column_text][vc_separator type=&#8221;small&#8221; position=&#8221;left&#8221; width=&#8221;20&#8243; up=&#8221;7&#8243; down=&#8221;30&#8243;][vc_column_text]<\/p>\n<p style=\"text-align: justify;\">Dans l\u2019industrie automobile, le filtre \u00e0 carburant joue un r\u00f4le cl\u00e9 dans les performances et la durabilit\u00e9 du moteur.<\/p>\n<p>[\/vc_column_text][vc_separator type=&#8221;transparent&#8221; thickness=&#8221;0&#8243; up=&#8221;25&#8243; down=&#8221;0&#8243;]<a  itemprop=\"url\" href=\"https:\/\/roffix.com\/filtres-a-carburant\/\" target=\"_self\"  class=\"qbutton  default\" style=\"background-color: #ffee00;\">LIRE LA SUITE<\/a>[vc_empty_space][\/vc_column][vc_column offset=&#8221;vc_col-lg-4 vc_col-md-4&#8243;][vc_single_image image=&#8221;548&#8243; img_size=&#8221;full&#8221; qode_css_animation=&#8221;&#8221;][vc_separator type=&#8221;transparent&#8221; thickness=&#8221;0&#8243; up=&#8221;38&#8243; down=&#8221;0&#8243;][vc_column_text]<\/p>\n<h3>Filtres d\u2019Habitacle<\/h3>\n<p>[\/vc_column_text][vc_separator type=&#8221;small&#8221; position=&#8221;left&#8221; width=&#8221;20&#8243; up=&#8221;7&#8243; down=&#8221;30&#8243;][vc_column_text]<\/p>\n<p style=\"text-align: justify;\">Dans l\u2019industrie automobile, le filtre d\u2019habitacle est un filtre \u00e0 particules qui prot\u00e8ge les passagers de la poussi\u00e8re, de la salet\u00e9 et des particules.<\/p>\n<p>[\/vc_column_text][vc_separator type=&#8221;transparent&#8221; thickness=&#8221;0&#8243; up=&#8221;25&#8243; down=&#8221;0&#8243;]<a  itemprop=\"url\" href=\"https:\/\/roffix.com\/filtres-dhabitacle\/\" target=\"_self\"  class=\"qbutton  default\" style=\"background-color: #ffee00;\">LIRE LA SUITE<\/a>[vc_empty_space][\/vc_column][vc_column offset=&#8221;vc_col-lg-4 vc_col-md-4&#8243;][vc_single_image image=&#8221;553&#8243; img_size=&#8221;full&#8221; qode_css_animation=&#8221;&#8221;][vc_separator type=&#8221;transparent&#8221; thickness=&#8221;0&#8243; up=&#8221;38&#8243; down=&#8221;0&#8243;][vc_column_text]<\/p>\n<h3>El\u00e9ment Filtres R\u00e9seaux<\/h3>\n<p>[\/vc_column_text][vc_separator type=&#8221;small&#8221; position=&#8221;left&#8221; width=&#8221;20&#8243; up=&#8221;7&#8243; down=&#8221;30&#8243;][vc_column_text]<\/p>\n<p style=\"text-align: justify;\">Pour que l\u2019air comprim\u00e9 obtenu \u00e0 partir des compresseurs atteigne une qualit\u00e9 \u00e9lev\u00e9e, il doit \u00eatre exempt d\u2019huile, d\u2019eau, de poussi\u00e8re et de salet\u00e9.<\/p>\n<p>[\/vc_column_text][vc_separator type=&#8221;transparent&#8221; thickness=&#8221;0&#8243; up=&#8221;25&#8243; down=&#8221;0&#8243;]<a  itemprop=\"url\" href=\"https:\/\/roffix.com\/element-filtres-reseaux\/\" target=\"_self\"  class=\"qbutton  default\" style=\"background-color: #ffee00;\">LIRE LA SUITE<\/a>[vc_empty_space][\/vc_column][\/vc_row]<\/p>\n","protected":false},"excerpt":{"rendered":"<p>[vc_row css_animation=&#8221;&#8221; row_type=&#8221;row&#8221; use_row_as_full_screen_section=&#8221;no&#8221; type=&#8221;grid&#8221; angled_section=&#8221;no&#8221; text_align=&#8221;center&#8221; background_image_as_pattern=&#8221;without_pattern&#8221; z_index=&#8221;&#8221; padding_top=&#8221;40&#8243;][vc_column][vc_column_text] Nos Produits [\/vc_column_text][\/vc_column][\/vc_row][vc_row css_animation=&#8221;&#8221; row_type=&#8221;row&#8221; use_row_as_full_screen_section=&#8221;no&#8221; type=&#8221;grid&#8221; angled_section=&#8221;no&#8221; text_align=&#8221;left&#8221; background_image_as_pattern=&#8221;without_pattern&#8221; css=&#8221;.vc_custom_1625228588546{padding-top: 80px !important;}&#8221; z_index=&#8221;&#8221;][vc_column offset=&#8221;vc_col-lg-4 vc_col-md-4&#8243;][vc_single_image image=&#8221;551&#8243; img_size=&#8221;full&#8221; qode_css_animation=&#8221;&#8221;][vc_separator type=&#8221;transparent&#8221; thickness=&#8221;0&#8243; up=&#8221;38&#8243; down=&#8221;0&#8243;][vc_column_text] Filtres S\u00e9parateur [\/vc_column_text][vc_separator type=&#8221;small&#8221; position=&#8221;left&#8221; width=&#8221;20&#8243; up=&#8221;7&#8243; down=&#8221;30&#8243;][vc_column_text] Le filtre s\u00e9parateur est&#8230;<\/p>\n","protected":false},"author":1,"featured_media":0,"parent":0,"menu_order":0,"comment_status":"closed","ping_status":"closed","template":"full_width.php","meta":{"footnotes":""},"class_list":["post-658","page","type-page","status-publish","hentry"],"_links":{"self":[{"href":"https:\/\/roffix.com\/fr\/wp-json\/wp\/v2\/pages\/658","targetHints":{"allow":["GET"]}}],"collection":[{"href":"https:\/\/roffix.com\/fr\/wp-json\/wp\/v2\/pages"}],"about":[{"href":"https:\/\/roffix.com\/fr\/wp-json\/wp\/v2\/types\/page"}],"author":[{"embeddable":true,"href":"https:\/\/roffix.com\/fr\/wp-json\/wp\/v2\/users\/1"}],"replies":[{"embeddable":true,"href":"https:\/\/roffix.com\/fr\/wp-json\/wp\/v2\/comments?post=658"}],"version-history":[{"count":8,"href":"https:\/\/roffix.com\/fr\/wp-json\/wp\/v2\/pages\/658\/revisions"}],"predecessor-version":[{"id":884,"href":"https:\/\/roffix.com\/fr\/wp-json\/wp\/v2\/pages\/658\/revisions\/884"}],"wp:attachment":[{"href":"https:\/\/roffix.com\/fr\/wp-json\/wp\/v2\/media?parent=658"}],"curies":[{"name":"wp","href":"https:\/\/api.w.org\/{rel}","templated":true}]}}