{"id":655,"date":"2016-02-10T08:59:44","date_gmt":"2016-02-10T08:59:44","guid":{"rendered":"https:\/\/roffix.com\/home\/"},"modified":"2023-11-20T08:21:37","modified_gmt":"2023-11-20T08:21:37","slug":"home","status":"publish","type":"page","link":"https:\/\/roffix.com\/fr\/","title":{"rendered":"Accueil"},"content":{"rendered":"<p>[vc_row css_animation=&#8221;&#8221; row_type=&#8221;row&#8221; use_row_as_full_screen_section=&#8221;no&#8221; type=&#8221;full_width&#8221; angled_section=&#8221;no&#8221; text_align=&#8221;left&#8221; background_image_as_pattern=&#8221;without_pattern&#8221;][vc_column][rev_slider_vc alias=&#8221;home-slider-fr&#8221;][\/vc_column][\/vc_row][vc_row css_animation=&#8221;&#8221; row_type=&#8221;row&#8221; use_row_as_full_screen_section=&#8221;no&#8221; type=&#8221;full_width&#8221; angled_section=&#8221;no&#8221; text_align=&#8221;center&#8221; background_image_as_pattern=&#8221;without_pattern&#8221;][vc_column]<div class=\"call_to_action simple\" style=\"background-color: #ffed00;padding-top: 40px;padding-bottom: 40px;\"><div class=\"container_inner\"><div class=\"text_wrapper column1\"><div class=\"call_to_action_text  font_size_inherit font_weight_inherit letter_spacing_inherit\" style=\"font-size:16px;font-weight: 600;letter-spacing: -1px;\">\n<p style=\"text-align: center;\"><span style=\"color: #000000;\"> OE \/ Cross Reference <\/span><\/p>\n<\/div><a itemprop=\"url\" href=\"https:\/\/roffix.com\/catalogue\/\" class=\"qbutton white medium\" target=\"_self\" style=\"color: #ffffff;background-color: #4e606d;\"data-hover-background-color=#4e606d data-hover-color=#ffed00>Cherchez<\/a><\/div><\/div><\/div>[\/vc_column][\/vc_row][vc_row css_animation=&#8221;&#8221; row_type=&#8221;row&#8221; use_row_as_full_screen_section=&#8221;no&#8221; type=&#8221;grid&#8221; angled_section=&#8221;no&#8221; text_align=&#8221;center&#8221; background_image_as_pattern=&#8221;without_pattern&#8221; background_color=&#8221;#f7f7f7&#8243; css=&#8221;.vc_custom_1456138762113{padding-top: 126px !important;padding-bottom: 86px !important;}&#8221;][vc_column offset=&#8221;vc_col-lg-6 vc_col-md-6&#8243;][vc_separator type=&#8221;transparent&#8221; thickness=&#8221;0&#8243; up=&#8221;20&#8243; down=&#8221;0&#8243;][vc_column_text]<\/p>\n<h2>Apprenez \u00e0 conna\u00eetre notre entreprise<\/h2>\n<p>[\/vc_column_text][vc_separator type=&#8221;small&#8221; position=&#8221;center&#8221;][vc_column_text]En tant que famille Roffix, nous produisons des filtres automobiles et industriels. Nous proposons des solutions \u00e0 de nombreux fabricants d&#8217;automobiles, d&#8217;autobus, de camions, de machines agricoles, d&#8217;\u00e9quipements de construction et de compresseurs dans le monde entier. D&#8217;autre part, de nombreux services professionnels pr\u00e9f\u00e8rent nos produits.<\/p>\n<p>Nous servons nos clients de la mani\u00e8re la plus rapide et la plus s\u00fbre. Nos produits sont fabriqu\u00e9s avec des processus avanc\u00e9s de laboratoire, de production et de contr\u00f4le qualit\u00e9.[\/vc_column_text][vc_separator type=&#8221;transparent&#8221; thickness=&#8221;0&#8243; up=&#8221;40&#8243; down=&#8221;0&#8243;]<a  itemprop=\"url\" href=\"https:\/\/roffix.com\/a-propos-de-nous\/\" target=\"_self\"  class=\"qbutton  medium default\" style=\"\">Lire la suite<\/a>[vc_separator type=&#8221;transparent&#8221; thickness=&#8221;0&#8243; up=&#8221;70&#8243; down=&#8221;0&#8243;][\/vc_column][vc_column offset=&#8221;vc_col-lg-6 vc_col-md-6&#8243;][vc_single_image image=&#8221;588&#8243; img_size=&#8221;full&#8221; qode_css_animation=&#8221;&#8221;][\/vc_column][\/vc_row][vc_row css_animation=&#8221;&#8221; row_type=&#8221;row&#8221; use_row_as_full_screen_section=&#8221;no&#8221; type=&#8221;grid&#8221; angled_section=&#8221;no&#8221; text_align=&#8221;center&#8221; background_image_as_pattern=&#8221;without_pattern&#8221; z_index=&#8221;&#8221; padding_top=&#8221;40&#8243; padding_bottom=&#8221;40&#8243;][vc_column][vc_separator type=&#8221;small&#8221; position=&#8221;left&#8221; width=&#8221;20&#8243; up=&#8221;7&#8243; down=&#8221;30&#8243;][vc_column_text]<\/p>\n<h2>Nos Produits<\/h2>\n<p>[\/vc_column_text][\/vc_column][\/vc_row][vc_row css_animation=&#8221;&#8221; row_type=&#8221;row&#8221; use_row_as_full_screen_section=&#8221;no&#8221; type=&#8221;grid&#8221; angled_section=&#8221;no&#8221; text_align=&#8221;center&#8221; background_image_as_pattern=&#8221;without_pattern&#8221; z_index=&#8221;&#8221; padding_top=&#8221;40&#8243; padding_bottom=&#8221;40&#8243;][vc_column css_animation=&#8221;none&#8221; width=&#8221;1\/4&#8243;]<div class=\"image_with_text\"><img decoding=\"async\" itemprop=\"image\" src=\"https:\/\/roffix.com\/wp-content\/uploads\/2021\/07\/seperator-filter-.png\" alt=\"Filtres S\u00e9parateur\" \/><h3 >Filtres S\u00e9parateur<\/h3><span style=\"margin: 6px 0px;\" class=\"separator transparent\"><\/span><a href=\"https:\/\/roffix.com\/filtres-separateur\/\">D\u00e9tail<\/a><\/div>[vc_empty_space height=&#8221;30x&#8221;][\/vc_column][vc_column css_animation=&#8221;none&#8221; width=&#8221;1\/4&#8243;]<div class=\"image_with_text\"><img decoding=\"async\" itemprop=\"image\" src=\"https:\/\/roffix.com\/wp-content\/uploads\/2021\/07\/oil-filter-roffix.png\" alt=\"Filtres \u00e0 Huile\" \/><h3 >Filtres \u00e0 Huile<\/h3><span style=\"margin: 6px 0px;\" class=\"separator transparent\"><\/span><a href=\"https:\/\/roffix.com\/filtres-a-huile\/\">D\u00e9tail<\/a><\/div>[vc_empty_space height=&#8221;30x&#8221;][\/vc_column][vc_column css_animation=&#8221;none&#8221; width=&#8221;1\/4&#8243;]<div class=\"image_with_text\"><img decoding=\"async\" itemprop=\"image\" src=\"https:\/\/roffix.com\/wp-content\/uploads\/2021\/07\/air-filter-roffix.png\" alt=\"Filtres \u00e0 Air\" \/><h3 >Filtres \u00e0 Air<\/h3><span style=\"margin: 6px 0px;\" class=\"separator transparent\"><\/span><a href=\"https:\/\/roffix.com\/filtres-a-air\/\">D\u00e9tail<\/a><\/div>[vc_empty_space height=&#8221;30x&#8221;][\/vc_column][vc_column width=&#8221;1\/4&#8243;]<div class=\"image_with_text\"><img decoding=\"async\" itemprop=\"image\" src=\"https:\/\/roffix.com\/wp-content\/uploads\/2021\/07\/fuel-filter-.png\" alt=\"Filtres \u00e0 Carburant\" \/><h3 >Filtres \u00e0 Carburant<\/h3><span style=\"margin: 6px 0px;\" class=\"separator transparent\"><\/span><a href=\"https:\/\/roffix.com\/filtres-a-carburant\/\">D\u00e9tail<\/a><\/div>[vc_empty_space height=&#8221;30x&#8221;][\/vc_column][\/vc_row][vc_row css_animation=&#8221;&#8221; row_type=&#8221;row&#8221; use_row_as_full_screen_section=&#8221;no&#8221; type=&#8221;grid&#8221; angled_section=&#8221;no&#8221; text_align=&#8221;center&#8221; background_image_as_pattern=&#8221;without_pattern&#8221; z_index=&#8221;&#8221; padding_top=&#8221;40&#8243; padding_bottom=&#8221;40&#8243;][vc_column css_animation=&#8221;none&#8221; width=&#8221;1\/4&#8243;][\/vc_column][vc_column css_animation=&#8221;none&#8221; width=&#8221;1\/4&#8243;]<div class=\"image_with_text\"><img decoding=\"async\" itemprop=\"image\" src=\"https:\/\/roffix.com\/wp-content\/uploads\/2021\/07\/cabin-filter-roffix.png\" alt=\"Filtres d\u2019Habitacle\" \/><h3 >Filtres d\u2019Habitacle<\/h3><span style=\"margin: 6px 0px;\" class=\"separator transparent\"><\/span><a href=\"https:\/\/roffix.com\/filtres-dhabitacle\/\">D\u00e9tail<\/a><\/div>[vc_empty_space height=&#8221;30x&#8221;][\/vc_column][vc_column css_animation=&#8221;none&#8221; width=&#8221;1\/4&#8243;]<div class=\"image_with_text\"><img decoding=\"async\" itemprop=\"image\" src=\"https:\/\/roffix.com\/wp-content\/uploads\/2021\/07\/In-Line-Filter-.png\" alt=\"El\u00e9ment Filtre R\u00e9seaux\" \/><h3 >El\u00e9ment Filtre R\u00e9seaux<\/h3><span style=\"margin: 6px 0px;\" class=\"separator transparent\"><\/span><a href=\"https:\/\/roffix.com\/element-filtres-reseaux\/\">D\u00e9tail<\/a><\/div>[vc_empty_space height=&#8221;30x&#8221;][\/vc_column][vc_column width=&#8221;1\/4&#8243;][\/vc_column][\/vc_row][vc_row css_animation=&#8221;&#8221; row_type=&#8221;row&#8221; use_row_as_full_screen_section=&#8221;no&#8221; type=&#8221;grid&#8221; angled_section=&#8221;no&#8221; text_align=&#8221;left&#8221; background_image_as_pattern=&#8221;without_pattern&#8221; z_index=&#8221;&#8221; background_color=&#8221;#4e606d&#8221;][vc_column][vc_separator type=&#8221;transparent&#8221; thickness=&#8221;0&#8243; up=&#8221;128&#8243; down=&#8221;0&#8243;][vc_row_inner row_type=&#8221;row&#8221; type=&#8221;full_width&#8221; text_align=&#8221;left&#8221; css_animation=&#8221;&#8221;][vc_column_inner width=&#8221;1\/3&#8243;]<div class=\"q_counter_holder  center\" style=\"\"><span class=\"counter  zero\" style=\"font-weight: Default;\">5000<\/span><p class=\"counter_text\" style=\"font-weight: Default;\">Type de filtre<\/p><\/div>[\/vc_column_inner][vc_column_inner width=&#8221;1\/3&#8243;]<div class=\"q_counter_holder  center\" style=\"\"><span class=\"counter  zero\" style=\"font-weight: Default;\">1500000<\/span><p class=\"counter_text\" style=\"font-weight: Default;\">Capacit\u00e9 de production<\/p><\/div>[\/vc_column_inner][vc_column_inner width=&#8221;1\/3&#8243;]<div class=\"q_counter_holder  center\" style=\"\"><span class=\"counter  zero\" style=\"font-weight: Default;\">30+<\/span><p class=\"counter_text\" style=\"font-weight: Default;\">Pays d'exportation<\/p><\/div>[\/vc_column_inner][\/vc_row_inner][vc_separator type=&#8221;transparent&#8221; thickness=&#8221;0&#8243; up=&#8221;128&#8243; down=&#8221;0&#8243;][vc_column_text]<\/p>\n<p style=\"text-align: center;\"><span style=\"color: #ffffff;\">Roffix Filter est une marque Mers Global.<\/span><\/p>\n<p>[\/vc_column_text][vc_separator type=&#8221;transparent&#8221; thickness=&#8221;0&#8243; up=&#8221;128&#8243; down=&#8221;0&#8243;][\/vc_column][\/vc_row]<\/p>\n","protected":false},"excerpt":{"rendered":"<p>[vc_row css_animation=&#8221;&#8221; row_type=&#8221;row&#8221; use_row_as_full_screen_section=&#8221;no&#8221; type=&#8221;full_width&#8221; angled_section=&#8221;no&#8221; text_align=&#8221;left&#8221; background_image_as_pattern=&#8221;without_pattern&#8221;][vc_column][rev_slider_vc alias=&#8221;home-slider-fr&#8221;][\/vc_column][\/vc_row][vc_row css_animation=&#8221;&#8221; row_type=&#8221;row&#8221; use_row_as_full_screen_section=&#8221;no&#8221; type=&#8221;full_width&#8221; angled_section=&#8221;no&#8221; text_align=&#8221;center&#8221; background_image_as_pattern=&#8221;without_pattern&#8221;][vc_column][\/vc_column][\/vc_row][vc_row css_animation=&#8221;&#8221; row_type=&#8221;row&#8221; use_row_as_full_screen_section=&#8221;no&#8221; type=&#8221;grid&#8221; angled_section=&#8221;no&#8221; text_align=&#8221;center&#8221; background_image_as_pattern=&#8221;without_pattern&#8221; background_color=&#8221;#f7f7f7&#8243; css=&#8221;.vc_custom_1456138762113{padding-top: 126px !important;padding-bottom: 86px !important;}&#8221;][vc_column offset=&#8221;vc_col-lg-6 vc_col-md-6&#8243;][vc_separator type=&#8221;transparent&#8221; thickness=&#8221;0&#8243; up=&#8221;20&#8243; down=&#8221;0&#8243;][vc_column_text] Apprenez \u00e0 conna\u00eetre notre entreprise [\/vc_column_text][vc_separator type=&#8221;small&#8221; position=&#8221;center&#8221;][vc_column_text]En tant que&#8230;<\/p>\n","protected":false},"author":1,"featured_media":0,"parent":0,"menu_order":0,"comment_status":"closed","ping_status":"closed","template":"full_width.php","meta":{"footnotes":""},"class_list":["post-655","page","type-page","status-publish","hentry"],"_links":{"self":[{"href":"https:\/\/roffix.com\/fr\/wp-json\/wp\/v2\/pages\/655","targetHints":{"allow":["GET"]}}],"collection":[{"href":"https:\/\/roffix.com\/fr\/wp-json\/wp\/v2\/pages"}],"about":[{"href":"https:\/\/roffix.com\/fr\/wp-json\/wp\/v2\/types\/page"}],"author":[{"embeddable":true,"href":"https:\/\/roffix.com\/fr\/wp-json\/wp\/v2\/users\/1"}],"replies":[{"embeddable":true,"href":"https:\/\/roffix.com\/fr\/wp-json\/wp\/v2\/comments?post=655"}],"version-history":[{"count":26,"href":"https:\/\/roffix.com\/fr\/wp-json\/wp\/v2\/pages\/655\/revisions"}],"predecessor-version":[{"id":1197,"href":"https:\/\/roffix.com\/fr\/wp-json\/wp\/v2\/pages\/655\/revisions\/1197"}],"wp:attachment":[{"href":"https:\/\/roffix.com\/fr\/wp-json\/wp\/v2\/media?parent=655"}],"curies":[{"name":"wp","href":"https:\/\/api.w.org\/{rel}","templated":true}]}}