{"id":654,"date":"2021-07-02T15:44:17","date_gmt":"2021-07-02T15:44:17","guid":{"rendered":"https:\/\/roffix.com\/fuel-filters\/"},"modified":"2021-07-31T12:35:29","modified_gmt":"2021-07-31T12:35:29","slug":"filtres-a-carburant","status":"publish","type":"page","link":"https:\/\/roffix.com\/fr\/filtres-a-carburant\/","title":{"rendered":"Filtres \u00e0 Carburant"},"content":{"rendered":"<p>[vc_row css_animation=&#8221;&#8221; row_type=&#8221;row&#8221; use_row_as_full_screen_section=&#8221;no&#8221; type=&#8221;full_width&#8221; angled_section=&#8221;no&#8221; text_align=&#8221;center&#8221; background_image_as_pattern=&#8221;without_pattern&#8221;][vc_column][vc_separator type=&#8221;small&#8221; position=&#8221;left&#8221; width=&#8221;20&#8243; up=&#8221;7&#8243; down=&#8221;30&#8243;][\/vc_column][\/vc_row][vc_row css_animation=&#8221;&#8221; row_type=&#8221;row&#8221; use_row_as_full_screen_section=&#8221;no&#8221; type=&#8221;grid&#8221; angled_section=&#8221;no&#8221; text_align=&#8221;left&#8221; background_image_as_pattern=&#8221;without_pattern&#8221; z_index=&#8221;&#8221;][vc_column width=&#8221;1\/4&#8243;][vc_single_image image=&#8221;552&#8243; img_size=&#8221;full&#8221; qode_css_animation=&#8221;&#8221;][\/vc_column][vc_column width=&#8221;3\/4&#8243;][vc_column_text]<\/p>\n<h3>Filtres \u00e0 Carburant<\/h3>\n<p>[\/vc_column_text][vc_separator type=&#8221;small&#8221; position=&#8221;left&#8221; width=&#8221;20&#8243; up=&#8221;7&#8243; down=&#8221;30&#8243;][vc_column_text]<\/p>\n<p style=\"text-align: justify;\">Dans l&#8217;industrie automobile, le filtre \u00e0 carburant joue un r\u00f4le cl\u00e9 dans les performances et la durabilit\u00e9 du moteur. Qu&#8217;il s&#8217;agisse d&#8217;essence ou de diesel, les filtres \u00e0 carburant propos\u00e9s par Roffix pr\u00e9viennent les dommages au moteur en filtrant les particules et l&#8217;eau. Les syst\u00e8mes d&#8217;injection sont beaucoup plus sensibles \u00e0 la contamination : le filtre \u00e0 carburant doit \u00eatre chang\u00e9 r\u00e9guli\u00e8rement pour \u00e9viter des dommages importants au moteur.<\/p>\n<p>[\/vc_column_text][\/vc_column][\/vc_row][vc_row css_animation=&#8221;&#8221; row_type=&#8221;row&#8221; use_row_as_full_screen_section=&#8221;no&#8221; type=&#8221;grid&#8221; angled_section=&#8221;no&#8221; text_align=&#8221;center&#8221; background_image_as_pattern=&#8221;without_pattern&#8221; z_index=&#8221;&#8221; padding_top=&#8221;40&#8243; padding_bottom=&#8221;40&#8243;][vc_column][vc_separator type=&#8221;small&#8221; position=&#8221;left&#8221; width=&#8221;20&#8243; up=&#8221;7&#8243; down=&#8221;30&#8243;][vc_column_text]<\/p>\n<h2>Filtres de Compresseur<\/h2>\n<p>[\/vc_column_text][\/vc_column][\/vc_row][vc_row css_animation=&#8221;&#8221; row_type=&#8221;row&#8221; use_row_as_full_screen_section=&#8221;no&#8221; type=&#8221;grid&#8221; angled_section=&#8221;no&#8221; text_align=&#8221;center&#8221; background_image_as_pattern=&#8221;without_pattern&#8221; z_index=&#8221;&#8221; padding_top=&#8221;40&#8243; padding_bottom=&#8221;40&#8243;][vc_column css_animation=&#8221;none&#8221; width=&#8221;1\/4&#8243;]<div class=\"image_with_text\"><img decoding=\"async\" itemprop=\"image\" src=\"https:\/\/roffix.com\/wp-content\/uploads\/2021\/07\/seperator-filter-.png\" alt=\"Filtres S\u00e9parateur\" \/><h3 >Filtres S\u00e9parateur<\/h3><span style=\"margin: 6px 0px;\" class=\"separator transparent\"><\/span><a href=\"https:\/\/roffix.com\/filtres-separateur\/\">D\u00e9tail<\/a><\/div>[\/vc_column][vc_column css_animation=&#8221;none&#8221; width=&#8221;1\/4&#8243;]<div class=\"image_with_text\"><img decoding=\"async\" itemprop=\"image\" src=\"https:\/\/roffix.com\/wp-content\/uploads\/2021\/07\/oil-filter-roffix.png\" alt=\"Filtres \u00e0 Huile\" \/><h3 >Filtres \u00e0 Huile<\/h3><span style=\"margin: 6px 0px;\" class=\"separator transparent\"><\/span><a href=\"https:\/\/roffix.com\/filtres-a-huile\/\">D\u00e9tail<\/a><\/div>[\/vc_column][vc_column css_animation=&#8221;none&#8221; width=&#8221;1\/4&#8243;]<div class=\"image_with_text\"><img decoding=\"async\" itemprop=\"image\" src=\"https:\/\/roffix.com\/wp-content\/uploads\/2021\/07\/air-filter-roffix.png\" alt=\"Filtres \u00e0 Air\" \/><h3 >Filtres \u00e0 Air<\/h3><span style=\"margin: 6px 0px;\" class=\"separator transparent\"><\/span><a href=\"https:\/\/roffix.com\/filtres-a-air\/\">D\u00e9tail<\/a><\/div>[\/vc_column][vc_column width=&#8221;1\/4&#8243;]<div class=\"image_with_text\"><img decoding=\"async\" itemprop=\"image\" src=\"https:\/\/roffix.com\/wp-content\/uploads\/2021\/07\/fuel-filter-.png\" alt=\"Filtres \u00e0 Carburant\" \/><h3 >Filtres \u00e0 Carburant<\/h3><span style=\"margin: 6px 0px;\" class=\"separator transparent\"><\/span><a href=\"https:\/\/roffix.com\/filtres-a-carburant\/\">D\u00e9tail<\/a><\/div>[\/vc_column][\/vc_row][vc_row css_animation=&#8221;&#8221; row_type=&#8221;row&#8221; use_row_as_full_screen_section=&#8221;no&#8221; type=&#8221;grid&#8221; angled_section=&#8221;no&#8221; text_align=&#8221;center&#8221; background_image_as_pattern=&#8221;without_pattern&#8221; z_index=&#8221;&#8221; padding_top=&#8221;40&#8243; padding_bottom=&#8221;40&#8243;][vc_column css_animation=&#8221;none&#8221; width=&#8221;1\/4&#8243;][\/vc_column][vc_column css_animation=&#8221;none&#8221; width=&#8221;1\/4&#8243;]<div class=\"image_with_text\"><img decoding=\"async\" itemprop=\"image\" src=\"https:\/\/roffix.com\/wp-content\/uploads\/2021\/07\/cabin-filter-roffix.png\" alt=\"Filtres d\u2019Habitacle\" \/><h3 >Filtres d\u2019Habitacle<\/h3><span style=\"margin: 6px 0px;\" class=\"separator transparent\"><\/span><a href=\"https:\/\/roffix.com\/filtres-dhabitacle\/\">D\u00e9tail<\/a><\/div>[\/vc_column][vc_column css_animation=&#8221;none&#8221; width=&#8221;1\/4&#8243;]<div class=\"image_with_text\"><img decoding=\"async\" itemprop=\"image\" src=\"https:\/\/roffix.com\/wp-content\/uploads\/2021\/07\/In-Line-Filter-.png\" alt=\"El\u00e9ment Filtre R\u00e9seaux\" \/><h3 >El\u00e9ment Filtre R\u00e9seaux<\/h3><span style=\"margin: 6px 0px;\" class=\"separator transparent\"><\/span><a href=\"https:\/\/roffix.com\/element-filtres-reseaux\/\">D\u00e9tail<\/a><\/div>[\/vc_column][vc_column width=&#8221;1\/4&#8243;][\/vc_column][\/vc_row][vc_row css_animation=&#8221;&#8221; row_type=&#8221;row&#8221; use_row_as_full_screen_section=&#8221;no&#8221; type=&#8221;grid&#8221; angled_section=&#8221;no&#8221; text_align=&#8221;left&#8221; background_image_as_pattern=&#8221;without_pattern&#8221; z_index=&#8221;&#8221; background_color=&#8221;#4e606d&#8221;][vc_column][vc_separator type=&#8221;transparent&#8221; thickness=&#8221;0&#8243; up=&#8221;128&#8243; down=&#8221;0&#8243;][vc_row_inner row_type=&#8221;row&#8221; type=&#8221;full_width&#8221; text_align=&#8221;left&#8221; css_animation=&#8221;&#8221;][vc_column_inner width=&#8221;1\/3&#8243;]<div class=\"q_counter_holder  center\" style=\"\"><span class=\"counter  zero\" style=\"font-weight: Default;\">5000<\/span><p class=\"counter_text\" style=\"font-weight: Default;\">Type de filtre<\/p><\/div>[\/vc_column_inner][vc_column_inner width=&#8221;1\/3&#8243;]<div class=\"q_counter_holder  center\" style=\"\"><span class=\"counter  zero\" style=\"font-weight: Default;\">1500000<\/span><p class=\"counter_text\" style=\"font-weight: Default;\">Capacit\u00e9 de production<\/p><\/div>[\/vc_column_inner][vc_column_inner width=&#8221;1\/3&#8243;]<div class=\"q_counter_holder  center\" style=\"\"><span class=\"counter  zero\" style=\"font-weight: Default;\">30+<\/span><p class=\"counter_text\" style=\"font-weight: Default;\">Pays d'exportation<\/p><\/div>[\/vc_column_inner][\/vc_row_inner][vc_separator type=&#8221;transparent&#8221; thickness=&#8221;0&#8243; up=&#8221;128&#8243; down=&#8221;0&#8243;][\/vc_column][\/vc_row]<\/p>\n","protected":false},"excerpt":{"rendered":"<p>[vc_row css_animation=&#8221;&#8221; row_type=&#8221;row&#8221; use_row_as_full_screen_section=&#8221;no&#8221; type=&#8221;full_width&#8221; angled_section=&#8221;no&#8221; text_align=&#8221;center&#8221; background_image_as_pattern=&#8221;without_pattern&#8221;][vc_column][vc_separator type=&#8221;small&#8221; position=&#8221;left&#8221; width=&#8221;20&#8243; up=&#8221;7&#8243; down=&#8221;30&#8243;][\/vc_column][\/vc_row][vc_row css_animation=&#8221;&#8221; row_type=&#8221;row&#8221; use_row_as_full_screen_section=&#8221;no&#8221; type=&#8221;grid&#8221; angled_section=&#8221;no&#8221; text_align=&#8221;left&#8221; background_image_as_pattern=&#8221;without_pattern&#8221; z_index=&#8221;&#8221;][vc_column width=&#8221;1\/4&#8243;][vc_single_image image=&#8221;552&#8243; img_size=&#8221;full&#8221; qode_css_animation=&#8221;&#8221;][\/vc_column][vc_column width=&#8221;3\/4&#8243;][vc_column_text] Filtres \u00e0 Carburant [\/vc_column_text][vc_separator type=&#8221;small&#8221; position=&#8221;left&#8221; width=&#8221;20&#8243; up=&#8221;7&#8243; down=&#8221;30&#8243;][vc_column_text] Dans l&#8217;industrie automobile, le filtre \u00e0 carburant joue un r\u00f4le&#8230;<\/p>\n","protected":false},"author":1,"featured_media":0,"parent":0,"menu_order":0,"comment_status":"closed","ping_status":"closed","template":"full_width.php","meta":{"footnotes":""},"class_list":["post-654","page","type-page","status-publish","hentry"],"_links":{"self":[{"href":"https:\/\/roffix.com\/fr\/wp-json\/wp\/v2\/pages\/654","targetHints":{"allow":["GET"]}}],"collection":[{"href":"https:\/\/roffix.com\/fr\/wp-json\/wp\/v2\/pages"}],"about":[{"href":"https:\/\/roffix.com\/fr\/wp-json\/wp\/v2\/types\/page"}],"author":[{"embeddable":true,"href":"https:\/\/roffix.com\/fr\/wp-json\/wp\/v2\/users\/1"}],"replies":[{"embeddable":true,"href":"https:\/\/roffix.com\/fr\/wp-json\/wp\/v2\/comments?post=654"}],"version-history":[{"count":3,"href":"https:\/\/roffix.com\/fr\/wp-json\/wp\/v2\/pages\/654\/revisions"}],"predecessor-version":[{"id":692,"href":"https:\/\/roffix.com\/fr\/wp-json\/wp\/v2\/pages\/654\/revisions\/692"}],"wp:attachment":[{"href":"https:\/\/roffix.com\/fr\/wp-json\/wp\/v2\/media?parent=654"}],"curies":[{"name":"wp","href":"https:\/\/api.w.org\/{rel}","templated":true}]}}