{"id":649,"date":"2016-02-19T12:16:25","date_gmt":"2016-02-19T12:16:25","guid":{"rendered":"https:\/\/roffix.com\/about-us\/"},"modified":"2021-07-31T16:09:32","modified_gmt":"2021-07-31T16:09:32","slug":"a-propos-de-nous","status":"publish","type":"page","link":"https:\/\/roffix.com\/fr\/a-propos-de-nous\/","title":{"rendered":"\u00c0 Propos De Nous"},"content":{"rendered":"<p>[vc_row css_animation=&#8221;&#8221; row_type=&#8221;row&#8221; use_row_as_full_screen_section=&#8221;no&#8221; type=&#8221;grid&#8221; angled_section=&#8221;no&#8221; text_align=&#8221;center&#8221; background_image_as_pattern=&#8221;without_pattern&#8221; z_index=&#8221;&#8221;][vc_column][vc_empty_space][vc_single_image image=&#8221;391&#8243; img_size=&#8221;medium&#8221; alignment=&#8221;center&#8221; qode_css_animation=&#8221;&#8221;][vc_empty_space][vc_column_text]<\/p>\n<h2>Apprenez \u00e0 conna\u00eetre notre entreprise<\/h2>\n<p>[\/vc_column_text][vc_column_text]En tant que famille Roffix, nous produisons des filtres automobiles et industriels. Nous proposons des solutions \u00e0 de nombreux fabricants d&#8217;automobiles, d&#8217;autobus, de camions, de machines agricoles, d&#8217;\u00e9quipements de construction et de compresseurs dans le monde entier. D&#8217;autre part, de nombreux services professionnels pr\u00e9f\u00e8rent nos produits.<\/p>\n<p>Nous servons nos clients de la mani\u00e8re la plus rapide et la plus s\u00fbre. Nos produits sont fabriqu\u00e9s avec des processus avanc\u00e9s de laboratoire, de production et de contr\u00f4le qualit\u00e9.[\/vc_column_text][vc_separator type=&#8221;transparent&#8221; thickness=&#8221;0&#8243; up=&#8221;33&#8243; down=&#8221;0&#8243;][vc_column_text]<strong>Notre Mission<br \/>\n<\/strong>\u00catre une marque leader qui guide le secteur avec ses valeurs en augmentant son capital \u00e9motionnel, en apportant bonheur et fid\u00e9lit\u00e9 aux parties prenantes et en r\u00e9pondant \u00e0 l&#8217;environnement et \u00e0 la soci\u00e9t\u00e9.<\/p>\n<p>&nbsp;<\/p>\n<p><strong>Notre Vision<br \/>\n<\/strong>\u00catre une marque mondiale qui travaille avec passion la technologie du papier, qui ajoute de la valeur \u00e0 la vie.[\/vc_column_text][vc_empty_space][vc_single_image image=&#8221;588&#8243; img_size=&#8221;medium&#8221; alignment=&#8221;center&#8221; qode_css_animation=&#8221;&#8221;][vc_empty_space][\/vc_column][\/vc_row]<\/p>\n","protected":false},"excerpt":{"rendered":"<p>[vc_row css_animation=&#8221;&#8221; row_type=&#8221;row&#8221; use_row_as_full_screen_section=&#8221;no&#8221; type=&#8221;grid&#8221; angled_section=&#8221;no&#8221; text_align=&#8221;center&#8221; background_image_as_pattern=&#8221;without_pattern&#8221; z_index=&#8221;&#8221;][vc_column][vc_empty_space][vc_single_image image=&#8221;391&#8243; img_size=&#8221;medium&#8221; alignment=&#8221;center&#8221; qode_css_animation=&#8221;&#8221;][vc_empty_space][vc_column_text] Apprenez \u00e0 conna\u00eetre notre entreprise [\/vc_column_text][vc_column_text]En tant que famille Roffix, nous produisons des filtres automobiles et industriels. Nous proposons des solutions \u00e0 de nombreux fabricants d&#8217;automobiles, d&#8217;autobus, de camions, de machines agricoles,&#8230;<\/p>\n","protected":false},"author":1,"featured_media":0,"parent":0,"menu_order":0,"comment_status":"closed","ping_status":"closed","template":"full_width.php","meta":{"footnotes":""},"class_list":["post-649","page","type-page","status-publish","hentry"],"_links":{"self":[{"href":"https:\/\/roffix.com\/fr\/wp-json\/wp\/v2\/pages\/649","targetHints":{"allow":["GET"]}}],"collection":[{"href":"https:\/\/roffix.com\/fr\/wp-json\/wp\/v2\/pages"}],"about":[{"href":"https:\/\/roffix.com\/fr\/wp-json\/wp\/v2\/types\/page"}],"author":[{"embeddable":true,"href":"https:\/\/roffix.com\/fr\/wp-json\/wp\/v2\/users\/1"}],"replies":[{"embeddable":true,"href":"https:\/\/roffix.com\/fr\/wp-json\/wp\/v2\/comments?post=649"}],"version-history":[{"count":12,"href":"https:\/\/roffix.com\/fr\/wp-json\/wp\/v2\/pages\/649\/revisions"}],"predecessor-version":[{"id":882,"href":"https:\/\/roffix.com\/fr\/wp-json\/wp\/v2\/pages\/649\/revisions\/882"}],"wp:attachment":[{"href":"https:\/\/roffix.com\/fr\/wp-json\/wp\/v2\/media?parent=649"}],"curies":[{"name":"wp","href":"https:\/\/api.w.org\/{rel}","templated":true}]}}